{"id":237,"date":"2023-07-18T16:32:57","date_gmt":"2023-07-18T16:32:57","guid":{"rendered":"http:\/\/wichrowewzgorze-solina.pl\/?page_id=237"},"modified":"2023-07-18T18:57:56","modified_gmt":"2023-07-18T18:57:56","slug":"home","status":"publish","type":"page","link":"http:\/\/wichrowewzgorze-solina.pl\/","title":{"rendered":"Home"},"content":{"rendered":"\t\t<div data-elementor-type=\"wp-page\" data-elementor-id=\"237\" class=\"elementor elementor-237\">\n\t\t\t\t\t\t<section class=\"elementor-section elementor-top-section elementor-element elementor-element-11207c7 elementor-section-boxed elementor-section-height-default elementor-section-height-default\" data-id=\"11207c7\" data-element_type=\"section\">\n\t\t\t\t\t\t<div class=\"elementor-container elementor-column-gap-default\">\n\t\t\t\t\t<div class=\"aux-parallax-section elementor-column elementor-col-50 elementor-top-column elementor-element elementor-element-0af2f03 elementor-invisible\" data-id=\"0af2f03\" data-element_type=\"column\" data-settings=\"{&quot;animation&quot;:&quot;slideInLeft&quot;}\">\n\t\t\t<div class=\"elementor-widget-wrap elementor-element-populated\">\n\t\t\t\t\t\t<div class=\"elementor-element elementor-element-d84bdfb elementor-widget elementor-widget-image\" data-id=\"d84bdfb\" data-element_type=\"widget\" data-widget_type=\"image.default\">\n\t\t\t\t<div class=\"elementor-widget-container\">\n\t\t\t<style>\/*! elementor - v3.22.0 - 26-06-2024 *\/\n.elementor-widget-image{text-align:center}.elementor-widget-image a{display:inline-block}.elementor-widget-image a img[src$=\".svg\"]{width:48px}.elementor-widget-image img{vertical-align:middle;display:inline-block}<\/style>\t\t\t\t\t\t\t\t\t\t<img fetchpriority=\"high\" decoding=\"async\" width=\"1500\" height=\"998\" src=\"http:\/\/wichrowewzgorze-solina.pl\/wp-content\/uploads\/2023\/07\/DSC_1631.jpg\" class=\"attachment-full size-full wp-image-263\" alt=\"\" \/>\t\t\t\t\t\t\t\t\t\t\t\t\t<\/div>\n\t\t\t\t<\/div>\n\t\t\t\t\t<\/div>\n\t\t<\/div>\n\t\t\t\t<div class=\"aux-parallax-section elementor-column elementor-col-50 elementor-top-column elementor-element elementor-element-c8877f8\" data-id=\"c8877f8\" data-element_type=\"column\">\n\t\t\t<div class=\"elementor-widget-wrap elementor-element-populated\">\n\t\t\t\t\t\t<div class=\"elementor-element elementor-element-9648825 elementor-invisible elementor-widget elementor-widget-image\" data-id=\"9648825\" data-element_type=\"widget\" data-settings=\"{&quot;_animation&quot;:&quot;slideInRight&quot;}\" data-widget_type=\"image.default\">\n\t\t\t\t<div class=\"elementor-widget-container\">\n\t\t\t\t\t\t\t\t\t\t\t\t\t<img decoding=\"async\" width=\"1500\" height=\"998\" src=\"http:\/\/wichrowewzgorze-solina.pl\/wp-content\/uploads\/2023\/07\/DSC_1643.jpg\" class=\"attachment-full size-full wp-image-271\" alt=\"\" \/>\t\t\t\t\t\t\t\t\t\t\t\t\t<\/div>\n\t\t\t\t<\/div>\n\t\t\t\t\t<\/div>\n\t\t<\/div>\n\t\t\t\t\t<\/div>\n\t\t<\/section>\n\t\t\t\t<section class=\"elementor-section elementor-top-section elementor-element elementor-element-9af806d elementor-section-boxed elementor-section-height-default elementor-section-height-default\" data-id=\"9af806d\" data-element_type=\"section\">\n\t\t\t\t\t\t<div class=\"elementor-container elementor-column-gap-default\">\n\t\t\t\t\t<div class=\"aux-parallax-section elementor-column elementor-col-50 elementor-top-column elementor-element elementor-element-705522b\" data-id=\"705522b\" data-element_type=\"column\">\n\t\t\t<div class=\"elementor-widget-wrap elementor-element-populated\">\n\t\t\t\t\t\t<div class=\"elementor-element elementor-element-ae19c98 elementor-widget elementor-widget-text-editor\" data-id=\"ae19c98\" data-element_type=\"widget\" data-widget_type=\"text-editor.default\">\n\t\t\t\t<div class=\"elementor-widget-container\">\n\t\t\t<style>\/*! elementor - v3.22.0 - 26-06-2024 *\/\n.elementor-widget-text-editor.elementor-drop-cap-view-stacked .elementor-drop-cap{background-color:#69727d;color:#fff}.elementor-widget-text-editor.elementor-drop-cap-view-framed .elementor-drop-cap{color:#69727d;border:3px solid;background-color:transparent}.elementor-widget-text-editor:not(.elementor-drop-cap-view-default) .elementor-drop-cap{margin-top:8px}.elementor-widget-text-editor:not(.elementor-drop-cap-view-default) .elementor-drop-cap-letter{width:1em;height:1em}.elementor-widget-text-editor .elementor-drop-cap{float:left;text-align:center;line-height:1;font-size:50px}.elementor-widget-text-editor .elementor-drop-cap-letter{display:inline-block}<\/style>\t\t\t\t<p><em>Witamy na stronie \u201eWichrowe Wzg\u00f3rze\u201d i zapraszamy do skorzystania z naszej oferty. Nasza posiad\u0142o\u015b\u0107 znajduje si\u0119 na granicy miejscowo\u015bci Myczk\u00f3w i Pola\u0144czyk <br>( od centrum Pola\u0144czyka dzieli nas kilkaset metr\u00f3w ). <br><\/em><em>Proponujemy Pa\u0144stwu noclegi w zr\u00f3\u017cnicowanym standardzie i cenie.<\/em><\/p>\t\t\t\t\t\t<\/div>\n\t\t\t\t<\/div>\n\t\t\t\t\t<\/div>\n\t\t<\/div>\n\t\t\t\t<div class=\"aux-parallax-section elementor-column elementor-col-50 elementor-top-column elementor-element elementor-element-7b454e6\" data-id=\"7b454e6\" data-element_type=\"column\">\n\t\t\t<div class=\"elementor-widget-wrap elementor-element-populated\">\n\t\t\t\t\t\t<div class=\"elementor-element elementor-element-4a332aa elementor-widget elementor-widget-text-editor\" data-id=\"4a332aa\" data-element_type=\"widget\" data-widget_type=\"text-editor.default\">\n\t\t\t\t<div class=\"elementor-widget-container\">\n\t\t\t\t\t\t\t<p><strong><em>Wichrowe Wzg\u00f3rze ma taki czar,<br \/>\u017ce gdy je ujrzysz pierwszy raz,<br \/>wr\u00f3ci\u0107 chcesz tutaj zn\u00f3w za rok<br \/>z porann\u0105 ros\u0105 czeka\u0107 dnia.<\/em><\/strong><\/p>\t\t\t\t\t\t<\/div>\n\t\t\t\t<\/div>\n\t\t\t\t\t<\/div>\n\t\t<\/div>\n\t\t\t\t\t<\/div>\n\t\t<\/section>\n\t\t\t\t<section class=\"elementor-section elementor-top-section elementor-element elementor-element-4db920e elementor-section-boxed elementor-section-height-default elementor-section-height-default\" data-id=\"4db920e\" data-element_type=\"section\">\n\t\t\t\t\t\t<div class=\"elementor-container elementor-column-gap-default\">\n\t\t\t\t\t<div class=\"aux-parallax-section elementor-column elementor-col-33 elementor-top-column elementor-element elementor-element-5386e55 elementor-invisible\" data-id=\"5386e55\" data-element_type=\"column\" data-settings=\"{&quot;animation&quot;:&quot;slideInLeft&quot;}\">\n\t\t\t<div class=\"elementor-widget-wrap elementor-element-populated\">\n\t\t\t\t\t\t<div class=\"elementor-element elementor-element-18bad0c elementor-widget elementor-widget-image\" data-id=\"18bad0c\" data-element_type=\"widget\" data-widget_type=\"image.default\">\n\t\t\t\t<div class=\"elementor-widget-container\">\n\t\t\t\t\t\t\t\t\t\t\t\t\t<img decoding=\"async\" width=\"1500\" height=\"998\" src=\"http:\/\/wichrowewzgorze-solina.pl\/wp-content\/uploads\/2023\/07\/DSC_1667-1.jpg\" class=\"elementor-animation-grow attachment-full size-full wp-image-273\" alt=\"\" \/>\t\t\t\t\t\t\t\t\t\t\t\t\t<\/div>\n\t\t\t\t<\/div>\n\t\t\t\t<div class=\"elementor-element elementor-element-c7a881a elementor-widget elementor-widget-aux_button\" data-id=\"c7a881a\" data-element_type=\"widget\" data-widget_type=\"aux_button.default\">\n\t\t\t\t<div class=\"elementor-widget-container\">\n\t\t\t<span class=\"aux-lightbox-video \"><a  href=\"http:\/\/wichrowewzgorze-solina.pl\/index.php\/domki\/\" target=\"_self\"   data-type=\"video\" class=\"aux-button aux-medium aux-iceberg aux-curve aux-none aux-uppercase aux-open-video\" ><span class=\"aux-overlay\"><\/span><span class=\"aux-text\">DOMKI<\/span><\/a><\/span>\t\t<\/div>\n\t\t\t\t<\/div>\n\t\t\t\t\t<\/div>\n\t\t<\/div>\n\t\t\t\t<div class=\"aux-parallax-section elementor-column elementor-col-33 elementor-top-column elementor-element elementor-element-8cc6120\" data-id=\"8cc6120\" data-element_type=\"column\">\n\t\t\t<div class=\"elementor-widget-wrap elementor-element-populated\">\n\t\t\t\t\t\t<div class=\"elementor-element elementor-element-6a61568 elementor-invisible elementor-widget elementor-widget-image\" data-id=\"6a61568\" data-element_type=\"widget\" data-settings=\"{&quot;_animation&quot;:&quot;slideInUp&quot;}\" data-widget_type=\"image.default\">\n\t\t\t\t<div class=\"elementor-widget-container\">\n\t\t\t\t\t\t\t\t\t\t\t\t\t<img loading=\"lazy\" decoding=\"async\" width=\"1500\" height=\"998\" src=\"http:\/\/wichrowewzgorze-solina.pl\/wp-content\/uploads\/2023\/07\/DSC_1865.jpg\" class=\"elementor-animation-grow attachment-full size-full wp-image-274\" alt=\"\" \/>\t\t\t\t\t\t\t\t\t\t\t\t\t<\/div>\n\t\t\t\t<\/div>\n\t\t\t\t<div class=\"elementor-element elementor-element-803fc84 elementor-widget elementor-widget-aux_button\" data-id=\"803fc84\" data-element_type=\"widget\" data-widget_type=\"aux_button.default\">\n\t\t\t\t<div class=\"elementor-widget-container\">\n\t\t\t<span class=\"aux-lightbox-video \"><a  href=\"http:\/\/wichrowewzgorze-solina.pl\/index.php\/apartament\/\" target=\"_self\"   data-type=\"video\" class=\"aux-button aux-medium aux-iceberg aux-curve aux-none aux-uppercase aux-open-video\" ><span class=\"aux-overlay\"><\/span><span class=\"aux-text\">APARTAMENT<\/span><\/a><\/span>\t\t<\/div>\n\t\t\t\t<\/div>\n\t\t\t\t\t<\/div>\n\t\t<\/div>\n\t\t\t\t<div class=\"aux-parallax-section elementor-column elementor-col-33 elementor-top-column elementor-element elementor-element-f7f0f94\" data-id=\"f7f0f94\" data-element_type=\"column\">\n\t\t\t<div class=\"elementor-widget-wrap elementor-element-populated\">\n\t\t\t\t\t\t<div class=\"elementor-element elementor-element-445bb22 elementor-invisible elementor-widget elementor-widget-image\" data-id=\"445bb22\" data-element_type=\"widget\" data-settings=\"{&quot;_animation&quot;:&quot;slideInRight&quot;}\" data-widget_type=\"image.default\">\n\t\t\t\t<div class=\"elementor-widget-container\">\n\t\t\t\t\t\t\t\t\t\t\t\t\t<img loading=\"lazy\" decoding=\"async\" width=\"1500\" height=\"998\" src=\"http:\/\/wichrowewzgorze-solina.pl\/wp-content\/uploads\/2023\/07\/DSC_1814.jpg\" class=\"elementor-animation-grow attachment-full size-full wp-image-109\" alt=\"\" \/>\t\t\t\t\t\t\t\t\t\t\t\t\t<\/div>\n\t\t\t\t<\/div>\n\t\t\t\t<div class=\"elementor-element elementor-element-57201ce elementor-widget elementor-widget-aux_button\" data-id=\"57201ce\" data-element_type=\"widget\" data-widget_type=\"aux_button.default\">\n\t\t\t\t<div class=\"elementor-widget-container\">\n\t\t\t<span class=\"aux-lightbox-video \"><a  href=\"http:\/\/wichrowewzgorze-solina.pl\/index.php\/pokoje\/\" target=\"_self\"   data-type=\"video\" class=\"aux-button aux-medium aux-iceberg aux-curve aux-none aux-uppercase aux-open-video\" ><span class=\"aux-overlay\"><\/span><span class=\"aux-text\">POKOJE<\/span><\/a><\/span>\t\t<\/div>\n\t\t\t\t<\/div>\n\t\t\t\t\t<\/div>\n\t\t<\/div>\n\t\t\t\t\t<\/div>\n\t\t<\/section>\n\t\t\t\t<\/div>\n\t\t","protected":false},"excerpt":{"rendered":"<p>Witamy na stronie \u201eWichrowe Wzg\u00f3rze\u201d i zapraszamy do skorzystania z naszej oferty. Nasza posiad\u0142o\u015b\u0107 znajduje si\u0119 na granicy miejscowo\u015bci Myczk\u00f3w i Pola\u0144czyk ( od centrum Pola\u0144czyka dzieli nas kilkaset metr\u00f3w ). Proponujemy Pa\u0144stwu noclegi w zr\u00f3\u017cnicowanym standardzie i cenie. Wichrowe Wzg\u00f3rze ma taki czar,\u017ce gdy je ujrzysz pierwszy raz,wr\u00f3ci\u0107 chcesz tutaj zn\u00f3w za rokz porann\u0105 [&hellip;]<\/p>\n","protected":false},"author":1,"featured_media":0,"parent":0,"menu_order":0,"comment_status":"closed","ping_status":"closed","template":"","meta":{"footnotes":""},"_links":{"self":[{"href":"http:\/\/wichrowewzgorze-solina.pl\/index.php\/wp-json\/wp\/v2\/pages\/237"}],"collection":[{"href":"http:\/\/wichrowewzgorze-solina.pl\/index.php\/wp-json\/wp\/v2\/pages"}],"about":[{"href":"http:\/\/wichrowewzgorze-solina.pl\/index.php\/wp-json\/wp\/v2\/types\/page"}],"author":[{"embeddable":true,"href":"http:\/\/wichrowewzgorze-solina.pl\/index.php\/wp-json\/wp\/v2\/users\/1"}],"replies":[{"embeddable":true,"href":"http:\/\/wichrowewzgorze-solina.pl\/index.php\/wp-json\/wp\/v2\/comments?post=237"}],"version-history":[{"count":31,"href":"http:\/\/wichrowewzgorze-solina.pl\/index.php\/wp-json\/wp\/v2\/pages\/237\/revisions"}],"predecessor-version":[{"id":311,"href":"http:\/\/wichrowewzgorze-solina.pl\/index.php\/wp-json\/wp\/v2\/pages\/237\/revisions\/311"}],"wp:attachment":[{"href":"http:\/\/wichrowewzgorze-solina.pl\/index.php\/wp-json\/wp\/v2\/media?parent=237"}],"curies":[{"name":"wp","href":"https:\/\/api.w.org\/{rel}","templated":true}]}}